{"id":11273,"date":"2019-08-15T14:18:19","date_gmt":"2019-08-15T11:18:19","guid":{"rendered":"https:\/\/research.sharqforum.org\/?page_id=11273"},"modified":"2020-10-21T11:20:12","modified_gmt":"2020-10-21T08:20:12","slug":"ikinci-dalga-arap-isyanlarinda-siyasal-islam","status":"publish","type":"page","link":"https:\/\/research.sharqforum.org\/tr\/ikinci-dalga-arap-isyanlarinda-siyasal-islam\/","title":{"rendered":"\u0130K\u0130NC\u0130 DALGA ARAP \u0130SYANLARINDA S\u0130YASAL \u0130SLAM"},"content":{"rendered":"<p><div class=\"fusion-fullwidth fullwidth-box fusion-builder-row-1 fusion-parallax-none nonhundred-percent-fullwidth non-hundred-percent-height-scrolling fusion-equal-height-columns\" style=\"--link_hover_color: #ffffff;--link_color: #ffffff;--awb-border-radius-top-left:0px;--awb-border-radius-top-right:0px;--awb-border-radius-bottom-right:0px;--awb-border-radius-bottom-left:0px;--awb-padding-top:60px;--awb-padding-right:10px;--awb-padding-bottom:60px;--awb-padding-left:10px;--awb-background-color:rgba(0,0,0,0.3);--awb-background-image:linear-gradient(180deg, rgba(0,0,0,0.3) 0%,rgba(0,0,0,0.6) 100%),url(https:\/\/research.sharqforum.org\/wp-content\/uploads\/2020\/08\/Program-Political-Islam.jpg);;--awb-background-size:cover;\" ><div class=\"fusion-builder-row fusion-row\"><div class=\"fusion-layout-column fusion_builder_column fusion-builder-column-0 fusion_builder_column_1_1 1_1 fusion-one-full fusion-column-first fusion-column-last fusion-column-no-min-height\" style=\"--awb-bg-size:cover;--awb-margin-bottom:50px;\"><div class=\"fusion-column-wrapper fusion-column-has-shadow fusion-flex-column-wrapper-legacy\"><div class=\"fusion-title title fusion-title-1 fusion-sep-none fusion-title-center fusion-title-text fusion-title-size-one\" style=\"--awb-text-color:#ffffff;\"><h1 class=\"title-heading-center\" style=\"margin:0;\">\u0130kinci Dalga Arap \u0130syanlar\u0131nda Siyasal \u0130slam<\/h1><\/div><div class=\"fusion-clearfix\"><\/div><\/div><\/div><div class=\"fusion-layout-column fusion_builder_column fusion-builder-column-1 fusion_builder_column_1_1 1_1 fusion-one-full fusion-column-first fusion-column-last fusion-column-no-min-height\" style=\"--awb-bg-size:cover;--awb-margin-bottom:50px;\"><div class=\"fusion-column-wrapper fusion-column-has-shadow fusion-flex-column-wrapper-legacy\"><div class=\"fusion-text fusion-text-1 whitecolor\"><p style=\"text-align: center;\">Tunus\u2019un Sidi Bouzid \u015fehrinde Muhammed Bouazizi\u2019nin kendini yakmas\u0131yla ate\u015flenen Arap Ayaklanmalar\u0131ndan sekiz y\u0131l sonra, bir ba\u015fka benzin ve ekmek ba\u015fkald\u0131r\u0131s\u0131 Aral\u0131k 2018\u2019de Sudan\u2019\u0131n Kuzeydo\u011fusundaki Atbara \u015fehrinde patlak verdi. Kitlesel halk ayaklanmalar\u0131 2019 boyunca daha da yo\u011fun hale gelerek, d\u00f6rt Arap ba\u015fkentine yay\u0131ld\u0131 ve bug\u00fcn Arap Ayaklanmalar\u0131nda ikinci dalga olarak bilinen olaylar meydana geldi. Bu olaylar, s\u0131ras\u0131yla Cezayir Devlet Ba\u015fkan\u0131 Abd\u00fclaziz Buteflika ile Sudan Devlet Ba\u015fkan\u0131 \u00d6mer el-Be\u015fir\u2019in koltuklar\u0131ndan indirilmesiyle ve L\u00fcbnan ba\u015fbakan\u0131 Saad el-Hariri ve Irakl\u0131 meslekta\u015f\u0131 Adil Abd\u00fclmehdi\u2019nin istifas\u0131yla sonu\u00e7land\u0131.<\/p>\n<p style=\"text-align: center;\">Ayaklanmalar\u0131n bu ikinci dalgas\u0131, MENA b\u00f6lgesindeki siyasal \u0130slamc\u0131 hareketlerde ya\u015fanan krizi daha da derinle\u015ftirmi\u015f g\u00f6r\u00fcn\u00fcyor. Yukar\u0131da zikredilen olaylar\u0131n ger\u00e7ekle\u015fti\u011fi d\u00f6rt \u00fclkeden \u00fc\u00e7\u00fcnde, yani Sudan, Irak ve L\u00fcbnan\u2019da, iktidar partileri ya \u0130slamc\u0131 bir rejimle \u00fclkeyi y\u00f6netiyordu, ya da bir hayli karma\u015f\u0131k yap\u0131daki \u0130slami hareketler taraf\u0131ndan destekleniyordu. Bu durum, \u015eii ve S\u00fcnni Siyasal \u0130slamc\u0131 Hareketlerden \u00f6t\u00fcr\u00fc L\u00fcbnan ve Irak\u2019ta daha \u00e7etrefilli bir hale geliyor.<\/p>\n<\/div><div class=\"fusion-clearfix\"><\/div><\/div><\/div><\/div><\/div><div class=\"fusion-fullwidth fullwidth-box fusion-builder-row-2 fusion-flex-container nonhundred-percent-fullwidth non-hundred-percent-height-scrolling\" style=\"--awb-border-radius-top-left:0px;--awb-border-radius-top-right:0px;--awb-border-radius-bottom-right:0px;--awb-border-radius-bottom-left:0px;\" ><div class=\"fusion-builder-row fusion-row fusion-flex-align-items-flex-start\" style=\"max-width:1248px;margin-left: calc(-4% \/ 2 );margin-right: calc(-4% \/ 2 );\"><div class=\"fusion-layout-column fusion_builder_column fusion-builder-column-2 fusion_builder_column_1_4 1_4 fusion-flex-column\" style=\"--awb-bg-size:cover;--awb-width-large:25%;--awb-margin-top-large:0px;--awb-spacing-right-large:7.68%;--awb-margin-bottom-large:20px;--awb-spacing-left-large:7.68%;--awb-width-medium:100%;--awb-order-medium:0;--awb-spacing-right-medium:1.92%;--awb-spacing-left-medium:1.92%;--awb-width-small:100%;--awb-order-small:0;--awb-spacing-right-small:1.92%;--awb-spacing-left-small:1.92%;\"><div class=\"fusion-column-wrapper fusion-column-has-shadow fusion-flex-justify-content-flex-start fusion-content-layout-column\"><\/div><\/div><div class=\"fusion-layout-column fusion_builder_column fusion-builder-column-3 fusion_builder_column_1_2 1_2 fusion-flex-column\" style=\"--awb-bg-size:cover;--awb-width-large:50%;--awb-margin-top-large:0px;--awb-spacing-right-large:3.84%;--awb-margin-bottom-large:20px;--awb-spacing-left-large:3.84%;--awb-width-medium:100%;--awb-order-medium:0;--awb-spacing-right-medium:1.92%;--awb-spacing-left-medium:1.92%;--awb-width-small:100%;--awb-order-small:0;--awb-spacing-right-small:1.92%;--awb-spacing-left-small:1.92%;\"><div class=\"fusion-column-wrapper fusion-column-has-shadow fusion-flex-justify-content-flex-start fusion-content-layout-column\"><div class=\"fusion-title title fusion-title-2 fusion-sep-none fusion-title-center fusion-title-text fusion-title-size-six\"><h6 class=\"title-heading-center\" style=\"margin:0;\"><h3 style=\"text-align: center;\">Kavramsal C\u0327erc\u0327eve<\/h3><\/h6><\/div><div class=\"fusion-separator\" style=\"align-self: center;margin-left: auto;margin-right: auto;margin-top:5px;margin-bottom:30px;width:100%;max-width:100px;\"><div class=\"fusion-separator-border sep-single sep-solid\" style=\"--awb-height:20px;--awb-amount:20px;--awb-sep-color:#333333;border-color:#333333;border-top-width:2px;\"><\/div><\/div><div class=\"fusion-image-element \" style=\"text-align:center;--awb-max-width:270px;--awb-caption-title-size:var(--h2_typography-font-size);--awb-caption-title-transform:var(--h2_typography-text-transform);--awb-caption-title-line-height:var(--h2_typography-line-height);--awb-caption-title-letter-spacing:var(--h2_typography-letter-spacing);\"><span class=\" fusion-imageframe imageframe-none imageframe-1 hover-type-none\"><a class=\"fusion-no-lightbox\" href=\"https:\/\/research.sharqforum.org\/tr\/2020\/07\/10\/kavramsal-cerceve-ikinci-dalga-arap-isyanlarinda-siyasal-islam\/\" target=\"_self\" aria-label=\"43ws\"><img decoding=\"async\" width=\"966\" height=\"1330\" alt=\"Kavramsal \u00c7er\u00e7eve\" src=\"https:\/\/research.sharqforum.org\/wp-content\/uploads\/2020\/10\/43ws.png\" class=\"img-responsive wp-image-26141\" srcset=\"https:\/\/research.sharqforum.org\/wp-content\/uploads\/2020\/10\/43ws-200x275.png 200w, https:\/\/research.sharqforum.org\/wp-content\/uploads\/2020\/10\/43ws-400x551.png 400w, https:\/\/research.sharqforum.org\/wp-content\/uploads\/2020\/10\/43ws-600x826.png 600w, https:\/\/research.sharqforum.org\/wp-content\/uploads\/2020\/10\/43ws-800x1101.png 800w, https:\/\/research.sharqforum.org\/wp-content\/uploads\/2020\/10\/43ws.png 966w\" sizes=\"(max-width: 1024px) 100vw, (max-width: 640px) 100vw, 600px\" title=\"\"><\/a><\/span><\/div><\/div><\/div><div class=\"fusion-layout-column fusion_builder_column fusion-builder-column-4 fusion_builder_column_1_4 1_4 fusion-flex-column\" style=\"--awb-bg-size:cover;--awb-width-large:25%;--awb-margin-top-large:0px;--awb-spacing-right-large:7.68%;--awb-margin-bottom-large:20px;--awb-spacing-left-large:7.68%;--awb-width-medium:100%;--awb-order-medium:0;--awb-spacing-right-medium:1.92%;--awb-spacing-left-medium:1.92%;--awb-width-small:100%;--awb-order-small:0;--awb-spacing-right-small:1.92%;--awb-spacing-left-small:1.92%;\"><div class=\"fusion-column-wrapper fusion-column-has-shadow fusion-flex-justify-content-flex-start fusion-content-layout-column\"><\/div><\/div><\/div><\/div><div class=\"fusion-fullwidth fullwidth-box fusion-builder-row-3 nonhundred-percent-fullwidth non-hundred-percent-height-scrolling fusion-equal-height-columns\" style=\"--awb-border-radius-top-left:0px;--awb-border-radius-top-right:0px;--awb-border-radius-bottom-right:0px;--awb-border-radius-bottom-left:0px;--awb-padding-top:30px;--awb-padding-bottom:30px;--awb-margin-top:0px;--awb-margin-bottom:0px;--awb-background-color:#f1f1f1;\" ><div class=\"fusion-builder-row fusion-row\"><div class=\"fusion-layout-column fusion_builder_column fusion-builder-column-5 fusion_builder_column_1_1 1_1 fusion-one-full fusion-column-first fusion-column-last fusion-column-no-min-height\" style=\"--awb-bg-size:cover;--awb-margin-bottom:0px;\"><div class=\"fusion-column-wrapper fusion-column-has-shadow fusion-flex-column-wrapper-legacy\"><div class=\"fusion-column-content-centered\"><div class=\"fusion-column-content\"><div class=\"fusion-title title fusion-title-3 fusion-sep-none fusion-title-center fusion-title-text fusion-title-size-three\" style=\"--awb-margin-top:0px;--awb-margin-bottom:50px;--awb-margin-top-small:0px;--awb-margin-bottom-small:30px;\"><h3 class=\"title-heading-center\" style=\"margin:0;\"><p style=\"text-align: center;\">Vaka \u0130ncelemeleri<\/p><\/h3><\/div><\/div><\/div><div class=\"fusion-clearfix\"><\/div><\/div><\/div><div class=\"fusion-layout-column fusion_builder_column fusion-builder-column-6 fusion_builder_column_1_4 1_4 fusion-one-fourth fusion-column-first fusion-column-inner-bg-wrapper fusion-animated\" style=\"--awb-padding-top:75px;--awb-padding-right:10px;--awb-padding-bottom:75px;--awb-padding-left:10px;--awb-inner-bg-image:linear-gradient(180deg, rgba(0,0,0,0) 0%,rgba(0,0,0,0.6) 100%),url(https:\/\/research.sharqforum.org\/wp-content\/uploads\/2020\/07\/algf.jpg);;--awb-inner-bg-position:center center;--awb-inner-bg-size:cover;--awb-box-shadow:0px 2px 5px 0px #000000;;--awb-margin-bottom:30px;width:25%;width:calc(25% - ( ( 4% + 4% + 4% ) * 0.25 ) );margin-right: 4%;\" data-animationType=\"fadeInLeft\" data-animationDuration=\"1.0\" data-animationOffset=\"top-into-view\"><span class=\"fusion-column-inner-bg hover-type-zoomin\"><a class=\"fusion-column-anchor\" href=\"https:\/\/research.sharqforum.org\/tr\/cezayir\/\"><span class=\"fusion-column-inner-bg-image\"><\/span><\/a><\/span><div class=\"fusion-column-wrapper fusion-column-has-shadow fusion-flex-column-wrapper-legacy fusion-empty-column-bg-image\" data-bg-url=\"https:\/\/research.sharqforum.org\/wp-content\/uploads\/2020\/07\/algf.jpg\"><div class=\"fusion-column-content-centered\"><div class=\"fusion-column-content\"><img class=\"fusion-empty-dims-img-placeholder fusion-no-large-visibility\" src=\"data:image\/svg+xml,%3Csvg%20xmlns%3D%27http%3A%2F%2Fwww.w3.org%2F2000%2Fsvg%27%20width%3D%27600%27%20height%3D%27400%27%20viewBox%3D%270%200%20600%20400%27%3E%3Crect%20width%3D%27600%27%20height%3D%27400%27%20fill-opacity%3D%220%22%2F%3E%3C%2Fsvg%3E\" alt=\"\" title=\"\"><\/div><\/div><div class=\"fusion-clearfix\"><\/div><\/div><\/div><div class=\"fusion-layout-column fusion_builder_column fusion-builder-column-7 fusion_builder_column_1_4 1_4 fusion-one-fourth fusion-column-inner-bg-wrapper fusion-animated\" style=\"--awb-padding-top:75px;--awb-padding-right:10px;--awb-padding-bottom:75px;--awb-padding-left:10px;--awb-inner-bg-image:linear-gradient(180deg, rgba(0,0,0,0) 0%,rgba(0,0,0,0.6) 100%),url(https:\/\/research.sharqforum.org\/wp-content\/uploads\/2020\/07\/irf.jpg);;--awb-inner-bg-position:center center;--awb-inner-bg-size:cover;--awb-box-shadow:0px 2px 5px 0px #000000;;--awb-margin-bottom:30px;width:25%;width:calc(25% - ( ( 4% + 4% + 4% ) * 0.25 ) );margin-right: 4%;\" data-animationType=\"fadeInLeft\" data-animationDuration=\"1.0\" data-animationOffset=\"top-into-view\"><span class=\"fusion-column-inner-bg hover-type-zoomin\"><a class=\"fusion-column-anchor\" href=\"https:\/\/research.sharqforum.org\/tr\/irak\/\"><span class=\"fusion-column-inner-bg-image\"><\/span><\/a><\/span><div class=\"fusion-column-wrapper fusion-column-has-shadow fusion-flex-column-wrapper-legacy fusion-empty-column-bg-image\" data-bg-url=\"https:\/\/research.sharqforum.org\/wp-content\/uploads\/2020\/07\/irf.jpg\"><div class=\"fusion-column-content-centered\"><div class=\"fusion-column-content\"><img class=\"fusion-empty-dims-img-placeholder fusion-no-large-visibility\" src=\"data:image\/svg+xml,%3Csvg%20xmlns%3D%27http%3A%2F%2Fwww.w3.org%2F2000%2Fsvg%27%20width%3D%27600%27%20height%3D%27400%27%20viewBox%3D%270%200%20600%20400%27%3E%3Crect%20width%3D%27600%27%20height%3D%27400%27%20fill-opacity%3D%220%22%2F%3E%3C%2Fsvg%3E\" alt=\"\" title=\"\"><\/div><\/div><div class=\"fusion-clearfix\"><\/div><\/div><\/div><div class=\"fusion-layout-column fusion_builder_column fusion-builder-column-8 fusion_builder_column_1_4 1_4 fusion-one-fourth fusion-column-inner-bg-wrapper fusion-animated\" style=\"--awb-padding-top:75px;--awb-padding-right:10px;--awb-padding-bottom:75px;--awb-padding-left:10px;--awb-inner-bg-image:linear-gradient(180deg, rgba(0,0,0,0) 0%,rgba(0,0,0,0.6) 100%),url(https:\/\/research.sharqforum.org\/wp-content\/uploads\/2020\/07\/lebf.jpg);;--awb-inner-bg-position:center center;--awb-inner-bg-size:cover;--awb-box-shadow:0px 2px 5px 0px #000000;;--awb-margin-bottom:30px;width:25%;width:calc(25% - ( ( 4% + 4% + 4% ) * 0.25 ) );margin-right: 4%;\" data-animationType=\"fadeInLeft\" data-animationDuration=\"1.0\" data-animationOffset=\"top-into-view\"><span class=\"fusion-column-inner-bg hover-type-zoomin\"><a class=\"fusion-column-anchor\" href=\"https:\/\/research.sharqforum.org\/tr\/lubnan\/\"><span class=\"fusion-column-inner-bg-image\"><\/span><\/a><\/span><div class=\"fusion-column-wrapper fusion-column-has-shadow fusion-flex-column-wrapper-legacy fusion-empty-column-bg-image\" data-bg-url=\"https:\/\/research.sharqforum.org\/wp-content\/uploads\/2020\/07\/lebf.jpg\"><div class=\"fusion-column-content-centered\"><div class=\"fusion-column-content\"><img class=\"fusion-empty-dims-img-placeholder fusion-no-large-visibility\" src=\"data:image\/svg+xml,%3Csvg%20xmlns%3D%27http%3A%2F%2Fwww.w3.org%2F2000%2Fsvg%27%20width%3D%27600%27%20height%3D%27400%27%20viewBox%3D%270%200%20600%20400%27%3E%3Crect%20width%3D%27600%27%20height%3D%27400%27%20fill-opacity%3D%220%22%2F%3E%3C%2Fsvg%3E\" alt=\"\" title=\"\"><\/div><\/div><div class=\"fusion-clearfix\"><\/div><\/div><\/div><div class=\"fusion-layout-column fusion_builder_column fusion-builder-column-9 fusion_builder_column_1_4 1_4 fusion-one-fourth fusion-column-last fusion-column-inner-bg-wrapper fusion-animated\" style=\"--awb-padding-top:75px;--awb-padding-right:10px;--awb-padding-bottom:75px;--awb-padding-left:10px;--awb-inner-bg-image:linear-gradient(180deg, rgba(0,0,0,0) 0%,rgba(0,0,0,0.6) 100%),url(https:\/\/research.sharqforum.org\/wp-content\/uploads\/2020\/07\/sf.jpg);;--awb-inner-bg-position:center center;--awb-inner-bg-size:cover;--awb-box-shadow:0px 2px 5px 0px #000000;;--awb-margin-bottom:30px;width:25%;width:calc(25% - ( ( 4% + 4% + 4% ) * 0.25 ) );\" data-animationType=\"fadeInLeft\" data-animationDuration=\"1.0\" data-animationOffset=\"top-into-view\"><span class=\"fusion-column-inner-bg hover-type-zoomin\"><a class=\"fusion-column-anchor\" href=\"https:\/\/research.sharqforum.org\/tr\/sudan\/\"><span class=\"fusion-column-inner-bg-image\"><\/span><\/a><\/span><div class=\"fusion-column-wrapper fusion-column-has-shadow fusion-flex-column-wrapper-legacy fusion-empty-column-bg-image\" data-bg-url=\"https:\/\/research.sharqforum.org\/wp-content\/uploads\/2020\/07\/sf.jpg\"><div class=\"fusion-column-content-centered\"><div class=\"fusion-column-content\"><img class=\"fusion-empty-dims-img-placeholder fusion-no-large-visibility\" src=\"data:image\/svg+xml,%3Csvg%20xmlns%3D%27http%3A%2F%2Fwww.w3.org%2F2000%2Fsvg%27%20width%3D%27600%27%20height%3D%27400%27%20viewBox%3D%270%200%20600%20400%27%3E%3Crect%20width%3D%27600%27%20height%3D%27400%27%20fill-opacity%3D%220%22%2F%3E%3C%2Fsvg%3E\" alt=\"\" title=\"\"><\/div><\/div><div class=\"fusion-clearfix\"><\/div><\/div><\/div><\/div><\/div><\/p>\n","protected":false},"excerpt":{"rendered":"","protected":false},"author":3,"featured_media":0,"parent":0,"menu_order":0,"comment_status":"closed","ping_status":"closed","template":"100-width.php","meta":{"_mo_disable_npp":"","ngg_post_thumbnail":0},"acf":[],"_links":{"self":[{"href":"https:\/\/research.sharqforum.org\/tr\/wp-json\/wp\/v2\/pages\/11273"}],"collection":[{"href":"https:\/\/research.sharqforum.org\/tr\/wp-json\/wp\/v2\/pages"}],"about":[{"href":"https:\/\/research.sharqforum.org\/tr\/wp-json\/wp\/v2\/types\/page"}],"author":[{"embeddable":true,"href":"https:\/\/research.sharqforum.org\/tr\/wp-json\/wp\/v2\/users\/3"}],"replies":[{"embeddable":true,"href":"https:\/\/research.sharqforum.org\/tr\/wp-json\/wp\/v2\/comments?post=11273"}],"version-history":[{"count":12,"href":"https:\/\/research.sharqforum.org\/tr\/wp-json\/wp\/v2\/pages\/11273\/revisions"}],"predecessor-version":[{"id":26147,"href":"https:\/\/research.sharqforum.org\/tr\/wp-json\/wp\/v2\/pages\/11273\/revisions\/26147"}],"wp:attachment":[{"href":"https:\/\/research.sharqforum.org\/tr\/wp-json\/wp\/v2\/media?parent=11273"}],"curies":[{"name":"wp","href":"https:\/\/api.w.org\/{rel}","templated":true}]}}