{"id":17130,"date":"2020-08-07T18:16:45","date_gmt":"2020-08-07T15:16:45","guid":{"rendered":"https:\/\/research.sharqforum.org\/programs\/"},"modified":"2020-08-11T19:35:21","modified_gmt":"2020-08-11T16:35:21","slug":"programlar","status":"publish","type":"page","link":"https:\/\/research.sharqforum.org\/tr\/programlar\/","title":{"rendered":"PROGRAMLAR"},"content":{"rendered":"<div class=\"fusion-fullwidth fullwidth-box fusion-builder-row-1 fusion-parallax-none nonhundred-percent-fullwidth non-hundred-percent-height-scrolling fusion-equal-height-columns\" style=\"--link_hover_color: #ffffff;--link_color: #ffffff;--awb-border-radius-top-left:0px;--awb-border-radius-top-right:0px;--awb-border-radius-bottom-right:0px;--awb-border-radius-bottom-left:0px;--awb-padding-top:60px;--awb-padding-right:10px;--awb-padding-bottom:60px;--awb-padding-left:10px;--awb-background-color:rgba(0,0,0,0.3);--awb-background-image:linear-gradient(180deg, rgba(0,0,0,0) 0%,rgba(0,0,0,0.6) 100%),url(https:\/\/research.sharqforum.org\/wp-content\/uploads\/2020\/08\/Our-programs-background.jpg);;--awb-background-size:cover;\" ><div class=\"fusion-builder-row fusion-row\"><div class=\"fusion-layout-column fusion_builder_column fusion-builder-column-0 fusion_builder_column_1_1 1_1 fusion-one-full fusion-column-first fusion-column-last fusion-column-no-min-height\" style=\"--awb-bg-size:cover;--awb-margin-bottom:50px;\"><div class=\"fusion-column-wrapper fusion-column-has-shadow fusion-flex-column-wrapper-legacy\"><div class=\"fusion-title title fusion-title-1 fusion-sep-none fusion-title-center fusion-title-text fusion-title-size-one\" style=\"--awb-text-color:#ffffff;\"><h1 class=\"title-heading-center\" style=\"margin:0;\">Programlar\u0131m\u0131z<\/h1><\/div><div class=\"fusion-clearfix\"><\/div><\/div><\/div><div class=\"fusion-layout-column fusion_builder_column fusion-builder-column-1 fusion_builder_column_1_1 1_1 fusion-one-full fusion-column-first fusion-column-last fusion-column-no-min-height\" style=\"--awb-bg-size:cover;--awb-margin-bottom:50px;\"><div class=\"fusion-column-wrapper fusion-column-has-shadow fusion-flex-column-wrapper-legacy\"><div class=\"fusion-text fusion-text-1 whitecolor\"><p style=\"text-align: center;\">\u015eark b\u00f6lgesinin y\u00fczle\u015fti\u011fi sorunlara ve zorluklara y\u00f6nelik olarak, Al Sharq Stratejik D\u00fc\u015f\u00fcnce Kurulu\u015fu, iki program\u0131 hayata ge\u00e7irmi\u015ftir: \u201cOrta Do\u011fu ve Kuzey Afrika (MENA) B\u00f6lgesi \u0130\u00e7in Yeni G\u00fcvenlik D\u00fczenlemeleri\u201d ve \u201cSiyasal \u0130slam\u201d. Bu programlar vas\u0131tas\u0131yla kurumumuz, farkl\u0131 alanlardan uzmanlar\u0131, akademisyenleri, politikac\u0131lar\u0131 ve ara\u015ft\u0131rmac\u0131lar\u0131 bir araya getirerek \u015eark b\u00f6lgesine dair genel kavray\u0131\u015f yelpazesini geni\u015fletmeyi ve \u015eark b\u00f6lgesine dair politika-yap\u0131m s\u00fcrecini daha da nitelikli hale getirmeyi hedeflemektedir. Yine bu programlarla kurumumuz, meseleleri b\u00f6lgesel bir perspektiften ele almay\u0131 ve en \u00e7ok bask\u0131layan sorunlara kar\u015f\u0131 uygulanabilir \u00e7\u00f6z\u00fcmler \u00f6nermeyi ama\u00e7lamaktad\u0131r. Bu iki giri\u015fim, bulgular\u0131n\u0131 uzman g\u00f6r\u00fc\u015f\u00fcnden raporlara, videolardan infografikere dek \u00e7e\u015fitli formatlarda payla\u015fmaktad\u0131r.<\/p>\n<\/div><div class=\"fusion-clearfix\"><\/div><\/div><\/div><div class=\"fusion-layout-column fusion_builder_column fusion-builder-column-2 fusion_builder_column_1_6 1_6 fusion-one-sixth fusion-column-first\" style=\"--awb-bg-size:cover;width:16.666666666667%;width:calc(16.666666666667% - ( ( 4% + 4% + 4% ) * 0.16666666666667 ) );margin-right: 4%;\"><div class=\"fusion-column-wrapper fusion-column-has-shadow fusion-flex-column-wrapper-legacy\"><div class=\"fusion-clearfix\"><\/div><\/div><\/div><div class=\"fusion-layout-column fusion_builder_column fusion-builder-column-3 fusion_builder_column_1_3 1_3 fusion-one-third fusion-column-inner-bg-wrapper\" style=\"--awb-padding-top:60px;--awb-padding-right:50px;--awb-padding-bottom:60px;--awb-padding-left:50px;--awb-inner-bg-color:rgba(0,0,0,0.2);--awb-inner-bg-image:linear-gradient(180deg, rgba(0,0,0,0) 0%,rgba(0,0,0,0.6) 100%);;--awb-inner-bg-position:center center;--awb-inner-bg-size:cover;--awb-border-color:#ffffff;--awb-border-top:1px;--awb-border-right:1px;--awb-border-bottom:1px;--awb-border-left:1px;--awb-border-style:solid;width:33.333333333333%;width:calc(33.333333333333% - ( ( 4% + 4% + 4% ) * 0.33333333333333 ) );margin-right: 4%;\"><span class=\"fusion-column-inner-bg hover-type-none\"><a class=\"fusion-column-anchor\" href=\"https:\/\/research.sharqforum.org\/tr\/siyasal-islam\/\"><span class=\"fusion-column-inner-bg-image\"><\/span><\/a><\/span><div class=\"fusion-column-wrapper fusion-column-has-shadow fusion-flex-column-wrapper-legacy\"><div class=\"fusion-column-content-centered\"><div class=\"fusion-column-content\"><div class=\"fusion-title title fusion-title-2 fusion-sep-none fusion-title-center fusion-title-text fusion-title-size-five\" style=\"--awb-text-color:#ffffff;\"><h5 class=\"title-heading-center\" style=\"margin:0;\">S\u0130YASAL \u0130SLAM<\/h5><\/div><\/div><\/div><div class=\"fusion-clearfix\"><\/div><\/div><\/div><div class=\"fusion-layout-column fusion_builder_column fusion-builder-column-4 fusion_builder_column_1_3 1_3 fusion-one-third fusion-column-inner-bg-wrapper\" style=\"--awb-padding-top:60px;--awb-padding-right:50px;--awb-padding-bottom:60px;--awb-padding-left:50px;--awb-inner-bg-color:rgba(0,0,0,0.2);--awb-inner-bg-image:linear-gradient(180deg, rgba(0,0,0,0) 0%,rgba(0,0,0,0.6) 100%);;--awb-inner-bg-position:center center;--awb-inner-bg-size:cover;--awb-border-color:#ffffff;--awb-border-top:1px;--awb-border-right:1px;--awb-border-bottom:1px;--awb-border-left:1px;--awb-border-style:solid;width:33.333333333333%;width:calc(33.333333333333% - ( ( 4% + 4% + 4% ) * 0.33333333333333 ) );margin-right: 4%;\"><span class=\"fusion-column-inner-bg hover-type-none\"><a class=\"fusion-column-anchor\" href=\"https:\/\/research.sharqforum.org\/tr\/orta-dogu-ve-kuzey-afrika-mena-bolgesi-icin-yeni-guvenlik-duzenlemeleri\/\"><span class=\"fusion-column-inner-bg-image\"><\/span><\/a><\/span><div class=\"fusion-column-wrapper fusion-column-has-shadow fusion-flex-column-wrapper-legacy\"><div class=\"fusion-column-content-centered\"><div class=\"fusion-column-content\"><div class=\"fusion-title title fusion-title-3 fusion-sep-none fusion-title-center fusion-title-text fusion-title-size-five\" style=\"--awb-text-color:#ffffff;\"><h5 class=\"title-heading-center\" style=\"margin:0;\">ORTA DO\u011eU VE KUZEY AFR\u0130KA (MENA) B\u00d6LGES\u0130 \u0130\u00c7\u0130N YEN\u0130 G\u00dcVENL\u0130K D\u00dcZENLEMELER\u0130<\/h5><\/div><\/div><\/div><div class=\"fusion-clearfix\"><\/div><\/div><\/div><div class=\"fusion-layout-column fusion_builder_column fusion-builder-column-5 fusion_builder_column_1_6 1_6 fusion-one-sixth fusion-column-last\" style=\"--awb-bg-size:cover;width:16.666666666667%;width:calc(16.666666666667% - ( ( 4% + 4% + 4% ) * 0.16666666666667 ) );\"><div class=\"fusion-column-wrapper fusion-column-has-shadow fusion-flex-column-wrapper-legacy\"><div class=\"fusion-clearfix\"><\/div><\/div><\/div><\/div><\/div>\n","protected":false},"excerpt":{"rendered":"","protected":false},"author":184,"featured_media":0,"parent":0,"menu_order":0,"comment_status":"closed","ping_status":"closed","template":"100-width.php","meta":{"_mo_disable_npp":"","ngg_post_thumbnail":0},"acf":[],"_links":{"self":[{"href":"https:\/\/research.sharqforum.org\/tr\/wp-json\/wp\/v2\/pages\/17130"}],"collection":[{"href":"https:\/\/research.sharqforum.org\/tr\/wp-json\/wp\/v2\/pages"}],"about":[{"href":"https:\/\/research.sharqforum.org\/tr\/wp-json\/wp\/v2\/types\/page"}],"author":[{"embeddable":true,"href":"https:\/\/research.sharqforum.org\/tr\/wp-json\/wp\/v2\/users\/184"}],"replies":[{"embeddable":true,"href":"https:\/\/research.sharqforum.org\/tr\/wp-json\/wp\/v2\/comments?post=17130"}],"version-history":[{"count":7,"href":"https:\/\/research.sharqforum.org\/tr\/wp-json\/wp\/v2\/pages\/17130\/revisions"}],"predecessor-version":[{"id":18368,"href":"https:\/\/research.sharqforum.org\/tr\/wp-json\/wp\/v2\/pages\/17130\/revisions\/18368"}],"wp:attachment":[{"href":"https:\/\/research.sharqforum.org\/tr\/wp-json\/wp\/v2\/media?parent=17130"}],"curies":[{"name":"wp","href":"https:\/\/api.w.org\/{rel}","templated":true}]}}