{"id":26070,"date":"2020-10-21T09:40:07","date_gmt":"2020-10-21T06:40:07","guid":{"rendered":"https:\/\/research.sharqforum.org\/?page_id=26070"},"modified":"2020-10-21T11:24:46","modified_gmt":"2020-10-21T08:24:46","slug":"cezayir","status":"publish","type":"page","link":"https:\/\/research.sharqforum.org\/tr\/cezayir\/","title":{"rendered":"Cezayir"},"content":{"rendered":"<div class=\"fusion-fullwidth fullwidth-box fusion-builder-row-1 nonhundred-percent-fullwidth non-hundred-percent-height-scrolling fusion-equal-height-columns\" style=\"--awb-border-radius-top-left:0px;--awb-border-radius-top-right:0px;--awb-border-radius-bottom-right:0px;--awb-border-radius-bottom-left:0px;--awb-padding-right:50px;--awb-padding-left:50px;--awb-margin-top:30px;\" ><div class=\"fusion-builder-row fusion-row\"><div class=\"fusion-layout-column fusion_builder_column fusion-builder-column-0 fusion_builder_column_1_3 1_3 fusion-one-third fusion-column-first\" style=\"--awb-bg-size:cover;--awb-margin-bottom:0px;width:33.333333333333%;width:calc(33.333333333333% - ( ( 4% + 4% ) * 0.33333333333333 ) );margin-right: 4%;\"><div class=\"fusion-column-wrapper fusion-column-has-shadow fusion-flex-column-wrapper-legacy\"><div class=\"fusion-clearfix\"><\/div><\/div><\/div><div class=\"fusion-layout-column fusion_builder_column fusion-builder-column-1 fusion_builder_column_1_3 1_3 fusion-one-third\" style=\"--awb-bg-size:cover;--awb-margin-bottom:0px;width:33.333333333333%;width:calc(33.333333333333% - ( ( 4% + 4% ) * 0.33333333333333 ) );margin-right: 4%;\"><div class=\"fusion-column-wrapper fusion-column-has-shadow fusion-flex-column-wrapper-legacy\"><div class=\"fusion-title title fusion-title-1 fusion-sep-none fusion-title-center fusion-title-text fusion-title-size-five\"><h5 class=\"title-heading-center\" style=\"margin:0;\">CEZAY\u0130R YAYINI<\/h5><\/div><div class=\"fusion-sep-clear\"><\/div><div class=\"fusion-separator\" style=\"margin-left: auto;margin-right: auto;margin-top:5px;margin-bottom:30px;width:100%;max-width:100px;\"><div class=\"fusion-separator-border sep-single sep-solid\" style=\"--awb-height:20px;--awb-amount:20px;--awb-sep-color:#333333;border-color:#333333;border-top-width:2px;\"><\/div><\/div><div class=\"fusion-sep-clear\"><\/div><div class=\"fusion-image-element fusion-image-align-center in-legacy-container\" style=\"text-align:center;--awb-caption-title-size:var(--h2_typography-font-size);--awb-caption-title-transform:var(--h2_typography-text-transform);--awb-caption-title-line-height:var(--h2_typography-line-height);--awb-caption-title-letter-spacing:var(--h2_typography-letter-spacing);\"><div class=\"imageframe-align-center\"><span class=\" fusion-imageframe imageframe-dropshadow imageframe-1 hover-type-none fusion-animated\" style=\"-webkit-box-shadow: 3px 3px 7px rgba(0,0,0,0.3);box-shadow: 3px 3px 7px rgba(0,0,0,0.3);\" data-animationType=\"fadeInLeft\" data-animationDuration=\"0.3\" data-animationOffset=\"top-into-view\"><a class=\"fusion-no-lightbox\" href=\"https:\/\/research.sharqforum.org\/tr\/2020\/07\/10\/cezayir-ayaklanmasinda-siyasal-islamci-hareketler-ve-partiler\/\" target=\"_self\" aria-label=\"taskf6\"><img decoding=\"async\" width=\"1366\" height=\"768\" alt=\"CEZAY\u0130R AYAKLANMASINDA S\u0130YASAL \u0130SLAMCI HAREKETLER VE PART\u0130LER\" src=\"https:\/\/research.sharqforum.org\/wp-content\/uploads\/2020\/07\/taskf6.jpg\" class=\"img-responsive wp-image-16163\" title=\"\"><\/a><\/span><\/div><\/div><div class=\"fusion-title title fusion-title-2 fusion-sep-none fusion-title-center fusion-title-text fusion-title-size-six\" style=\"--awb-font-size:12px;\"><h6 class=\"title-heading-center\" style=\"margin:0;font-size:1em;\"><p class=\"entry-title\" style=\"text-align: center;\"><a href=\"https:\/\/research.sharqforum.org\/tr\/2020\/07\/10\/cezayir-ayaklanmasinda-siyasal-islamci-hareketler-ve-partiler\/\">CEZAY\u0130R AYAKLANMASINDA S\u0130YASAL \u0130SLAMCI HAREKETLER VE PART\u0130LER<\/a><\/p><\/h6><\/div><div class=\"fusion-clearfix\"><\/div><\/div><\/div><div class=\"fusion-layout-column fusion_builder_column fusion-builder-column-2 fusion_builder_column_1_3 1_3 fusion-one-third fusion-column-last\" style=\"--awb-bg-size:cover;--awb-margin-bottom:0px;width:33.333333333333%;width:calc(33.333333333333% - ( ( 4% + 4% ) * 0.33333333333333 ) );\"><div class=\"fusion-column-wrapper fusion-column-has-shadow fusion-flex-column-wrapper-legacy\"><div class=\"fusion-clearfix\"><\/div><\/div><\/div><\/div><\/div>\n","protected":false},"excerpt":{"rendered":"","protected":false},"author":3,"featured_media":0,"parent":0,"menu_order":0,"comment_status":"closed","ping_status":"closed","template":"","meta":{"_mo_disable_npp":"","ngg_post_thumbnail":0},"acf":[],"_links":{"self":[{"href":"https:\/\/research.sharqforum.org\/tr\/wp-json\/wp\/v2\/pages\/26070"}],"collection":[{"href":"https:\/\/research.sharqforum.org\/tr\/wp-json\/wp\/v2\/pages"}],"about":[{"href":"https:\/\/research.sharqforum.org\/tr\/wp-json\/wp\/v2\/types\/page"}],"author":[{"embeddable":true,"href":"https:\/\/research.sharqforum.org\/tr\/wp-json\/wp\/v2\/users\/3"}],"replies":[{"embeddable":true,"href":"https:\/\/research.sharqforum.org\/tr\/wp-json\/wp\/v2\/comments?post=26070"}],"version-history":[{"count":6,"href":"https:\/\/research.sharqforum.org\/tr\/wp-json\/wp\/v2\/pages\/26070\/revisions"}],"predecessor-version":[{"id":26151,"href":"https:\/\/research.sharqforum.org\/tr\/wp-json\/wp\/v2\/pages\/26070\/revisions\/26151"}],"wp:attachment":[{"href":"https:\/\/research.sharqforum.org\/tr\/wp-json\/wp\/v2\/media?parent=26070"}],"curies":[{"name":"wp","href":"https:\/\/api.w.org\/{rel}","templated":true}]}}