{"id":26074,"date":"2020-10-21T09:42:52","date_gmt":"2020-10-21T06:42:52","guid":{"rendered":"https:\/\/research.sharqforum.org\/?page_id=26074"},"modified":"2020-10-21T10:22:58","modified_gmt":"2020-10-21T07:22:58","slug":"irak","status":"publish","type":"page","link":"https:\/\/research.sharqforum.org\/tr\/irak\/","title":{"rendered":"Irak"},"content":{"rendered":"<div class=\"fusion-fullwidth fullwidth-box fusion-builder-row-1 nonhundred-percent-fullwidth non-hundred-percent-height-scrolling fusion-equal-height-columns\" style=\"--awb-border-radius-top-left:0px;--awb-border-radius-top-right:0px;--awb-border-radius-bottom-right:0px;--awb-border-radius-bottom-left:0px;--awb-padding-right:50px;--awb-padding-left:50px;--awb-margin-top:30px;\" ><div class=\"fusion-builder-row fusion-row\"><div class=\"fusion-layout-column fusion_builder_column fusion-builder-column-0 fusion_builder_column_1_6 1_6 fusion-one-sixth fusion-column-first\" style=\"--awb-bg-size:cover;--awb-margin-bottom:0px;width:16.666666666667%;width:calc(16.666666666667% - ( ( 4% + 4% ) * 0.16666666666667 ) );margin-right: 4%;\"><div class=\"fusion-column-wrapper fusion-column-has-shadow fusion-flex-column-wrapper-legacy\"><div class=\"fusion-clearfix\"><\/div><\/div><\/div><div class=\"fusion-layout-column fusion_builder_column fusion-builder-column-1 fusion_builder_column_2_3 2_3 fusion-two-third\" style=\"--awb-bg-size:cover;--awb-margin-bottom:0px;width:66.666666666667%;width:calc(66.666666666667% - ( ( 4% + 4% ) * 0.66666666666667 ) );margin-right: 4%;\"><div class=\"fusion-column-wrapper fusion-column-has-shadow fusion-flex-column-wrapper-legacy\"><div class=\"fusion-title title fusion-title-1 fusion-sep-none fusion-title-center fusion-title-text fusion-title-size-five\"><h5 class=\"title-heading-center\" style=\"margin:0;\">IRAK YAYINLARI<\/h5><\/div><div class=\"fusion-sep-clear\"><\/div><div class=\"fusion-separator\" style=\"margin-left: auto;margin-right: auto;margin-top:5px;margin-bottom:30px;width:100%;max-width:100px;\"><div class=\"fusion-separator-border sep-single sep-solid\" style=\"--awb-height:20px;--awb-amount:20px;--awb-sep-color:#333333;border-color:#333333;border-top-width:2px;\"><\/div><\/div><div class=\"fusion-sep-clear\"><\/div><style>.owl-item .post{margin-bottom: 0;}.owl-stage{display:flex;}.owl-item{height:auto;display:flex!important;flex:1 0 auto!important; width:100%; float:left;}.owl-carousel .owl-nav button.owl-next,.owl-carousel .owl-nav button.owl-prev,.owl-carousel button.owl-dot{top: 30%;background:0 0;color:inherit;border:none;padding:0!important;font:inherit}.owl-nav .owl-next,.owl-nav .owl-prev{height:100%;display:flex}.owl-nav .owl-next .carousel-nav,.owl-nav .owl-prev .carousel-nav{font-size:2rem;color:#333!important}a:active,a:focus,button:active,button:focus{outline:0;border:none;-moz-outline-style:none}.owl-next{background:rgba(0,0,0,0) none repeat scroll 0 0!important;position:absolute;right:-40px}.owl-prev{background:rgba(0,0,0,0) none repeat scroll 0 0!important;left:-40px;position:absolute}<\/style><div class=\"owl-carousel asf-owl-carousel\" data-cols=\"2\" ><article class=\"post fusion-column column col col-lg-6 col-md-6 col-sm-6\" style=\"width:100%;\"><div class=\"fusion-flexslider flexslider flexslider-hover-type-liftup\" style=\"width:100%;\"><ul class=\"slides\" style=\"width:100%;\"><li class=\"flex-active-slide\" style=\"width: 100%; float: left; margin-right: -100%; position: relative; opacity: 1; display: block; z-index: 2;\"><a href=\"https:\/\/research.sharqforum.org\/tr\/2020\/07\/10\/irakli-sii-islamci-partilerin-protesto-hareketine-tepkileri\/\" aria-label=\"IRAKLI \u015e\u0130\u0130 \u0130SLAMCI PART\u0130LER\u0130N PROTESTO HAREKET\u0130NE TEPK\u0130LER\u0130\" class=\"hover-type-liftup\" style=\"width:100%;\"><span style=\"display:block;width: 100%; height: 200px; background-image: url('https:\/\/research.sharqforum.org\/wp-content\/uploads\/2020\/07\/taskf5.jpg');background-size:cover;\" \/><\/a><\/li><\/ul><ol class=\"flex-control-nav flex-control-paging\"><\/ol><ul class=\"flex-direction-nav\"><li class=\"flex-nav-prev\"><a class=\"flex-prev flex-disabled\" href=\"#\" tabindex=\"-1\">< <\/a><\/li><li class=\"flex-nav-next\"><a class=\"flex-next flex-disabled\" href=\"#\" tabindex=\"-1\"> ><\/a><\/li><\/ul><\/div><div class=\"recent-posts-content\"><div class=\"fusion-title title fusion-title-2 fusion-sep-none fusion-title-text fusion-title-size-two headerlink\" style=\"--awb-text-color:#902135;--awb-font-size:24px;\"><h2 class=\"title-heading-left\" style=\"margin:0;font-size:1em;\"><a class=\"titlelink\" href=\"https:\/\/research.sharqforum.org\/tr\/2020\/07\/10\/irakli-sii-islamci-partilerin-protesto-hareketine-tepkileri\/\">IRAKLI \u015e\u0130\u0130 \u0130SLAMCI PART\u0130LER\u0130N PROTESTO HAREKET\u0130NE TEPK\u0130LER\u0130<\/a><\/h2><\/div><\/div><\/article><article class=\"post fusion-column column col col-lg-6 col-md-6 col-sm-6\" style=\"width:100%;\"><div class=\"fusion-flexslider flexslider flexslider-hover-type-liftup\" style=\"width:100%;\"><ul class=\"slides\" style=\"width:100%;\"><li class=\"flex-active-slide\" style=\"width: 100%; float: left; margin-right: -100%; position: relative; opacity: 1; display: block; z-index: 2;\"><a href=\"https:\/\/research.sharqforum.org\/tr\/2020\/07\/10\/irakta-sunni-siyasi-dini-aglar-ve-siyasal-degisim-etkileri-nerede\/\" aria-label=\"IRAK\u2019TA S\u00dcNN\u0130 S\u0130YAS\u0130-D\u0130N\u0130 A\u011eLAR VE S\u0130YASAL DE\u011e\u0130\u015e\u0130M: ETK\u0130LER\u0130 NEREDE?\" class=\"hover-type-liftup\" style=\"width:100%;\"><span style=\"display:block;width: 100%; height: 200px; background-image: url('https:\/\/research.sharqforum.org\/wp-content\/uploads\/2020\/07\/taskf3.jpg');background-size:cover;\" \/><\/a><\/li><\/ul><ol class=\"flex-control-nav flex-control-paging\"><\/ol><ul class=\"flex-direction-nav\"><li class=\"flex-nav-prev\"><a class=\"flex-prev flex-disabled\" href=\"#\" tabindex=\"-1\">< <\/a><\/li><li class=\"flex-nav-next\"><a class=\"flex-next flex-disabled\" href=\"#\" tabindex=\"-1\"> ><\/a><\/li><\/ul><\/div><div class=\"recent-posts-content\"><div class=\"fusion-title title fusion-title-3 fusion-sep-none fusion-title-text fusion-title-size-two headerlink\" style=\"--awb-text-color:#902135;--awb-font-size:24px;\"><h2 class=\"title-heading-left\" style=\"margin:0;font-size:1em;\"><a class=\"titlelink\" href=\"https:\/\/research.sharqforum.org\/tr\/2020\/07\/10\/irakta-sunni-siyasi-dini-aglar-ve-siyasal-degisim-etkileri-nerede\/\">IRAK\u2019TA S\u00dcNN\u0130 S\u0130YAS\u0130-D\u0130N\u0130 A\u011eLAR VE S\u0130YASAL DE\u011e\u0130\u015e\u0130M: ETK\u0130LER\u0130 NEREDE?<\/a><\/h2><\/div><\/div><\/article><\/div><div class=\"fusion-clearfix\"><\/div><\/div><\/div><div class=\"fusion-layout-column fusion_builder_column fusion-builder-column-2 fusion_builder_column_1_6 1_6 fusion-one-sixth fusion-column-last\" style=\"--awb-bg-size:cover;--awb-margin-bottom:0px;width:16.666666666667%;width:calc(16.666666666667% - ( ( 4% + 4% ) * 0.16666666666667 ) );\"><div class=\"fusion-column-wrapper fusion-column-has-shadow fusion-flex-column-wrapper-legacy\"><div class=\"fusion-clearfix\"><\/div><\/div><\/div><\/div><\/div>\n","protected":false},"excerpt":{"rendered":"","protected":false},"author":3,"featured_media":0,"parent":0,"menu_order":0,"comment_status":"closed","ping_status":"closed","template":"","meta":{"_mo_disable_npp":"","ngg_post_thumbnail":0},"acf":[],"_links":{"self":[{"href":"https:\/\/research.sharqforum.org\/tr\/wp-json\/wp\/v2\/pages\/26074"}],"collection":[{"href":"https:\/\/research.sharqforum.org\/tr\/wp-json\/wp\/v2\/pages"}],"about":[{"href":"https:\/\/research.sharqforum.org\/tr\/wp-json\/wp\/v2\/types\/page"}],"author":[{"embeddable":true,"href":"https:\/\/research.sharqforum.org\/tr\/wp-json\/wp\/v2\/users\/3"}],"replies":[{"embeddable":true,"href":"https:\/\/research.sharqforum.org\/tr\/wp-json\/wp\/v2\/comments?post=26074"}],"version-history":[{"count":4,"href":"https:\/\/research.sharqforum.org\/tr\/wp-json\/wp\/v2\/pages\/26074\/revisions"}],"predecessor-version":[{"id":26136,"href":"https:\/\/research.sharqforum.org\/tr\/wp-json\/wp\/v2\/pages\/26074\/revisions\/26136"}],"wp:attachment":[{"href":"https:\/\/research.sharqforum.org\/tr\/wp-json\/wp\/v2\/media?parent=26074"}],"curies":[{"name":"wp","href":"https:\/\/api.w.org\/{rel}","templated":true}]}}